

{"id":931,"date":"2019-07-10T12:48:38","date_gmt":"2019-07-10T10:48:38","guid":{"rendered":"http:\/\/www.pastoralefamiliare.arcidiocesi.palermo.it\/?page_id=931"},"modified":"2024-03-20T14:02:55","modified_gmt":"2024-03-20T13:02:55","slug":"comunita-chemin-neuf","status":"publish","type":"page","link":"https:\/\/pastoralefamiliare.chiesadipalermo.it\/wordpress6\/comunita-chemin-neuf\/","title":{"rendered":"COMUNIT\u00c0 CHEMIN NEUF"},"content":{"rendered":"<p><em>La <strong>Comunit\u00e0 Chemin Neu<\/strong>f, \u00e8 una comunit\u00e0 cattolica a vocazione ecumenica, che vuol essere fedele alla preghiera che Ges\u00f9 fece prima di morire: \u201cche tutti siano una cosa sola perch\u00e9 il mondo creda che tu mi hai mandato\u201d (Gv 17,21). Fondata nel 1973 dal padre gesuita Laurent Fabre, a Lione (Francia), si fonda sulla vita e sull\u2019impegno comune di coppie e di fratelli e sorelle consacrati, alla sequela di Cristo per mettersi al servizio della Chiesa e nel mondo. Oggi conta circa 2000 fratelli e sorelle in una trentina di paesi.\u00a0 <\/em><\/p>\n<p><em>Essa \u00e8 strutturata come associazione pubblica di fedeli, mentre i sacerdoti ed i fratelli sono un istituto religioso clericale di diritto pontificio. La sua spiritualit\u00e0 ha le sue radici sia nella tradizione ignaziana che nell\u2019esperienza del Rinnovamento carismatico. La pratica degli Esercizi Spirituali e il discernimento ignaziano strutturano la preghiera dei fratelli e sorelle della Comunit\u00e0 e il loro modo di vivere e di agire. <\/em><em>La spiritualit\u00e0 del Rinnovamento carismatico e quella degli Esercizi Spirituali di Sant\u2019Ignazio di Loyola sono accomunati dalla certezza che \u00abDio possa comunicarsi direttamente alla sua creatura\u00bb e agire effettivamente nella vita degli uomini. <\/em><em>La Comunit\u00e0, opera da oltre 40 anni in diverse missioni a sostegno della famiglia, della coppia, dei genitori, dei figli.<\/em><\/p>\n<p>La Comunit\u00e0 Chemin Neuf ogni anno propone nel periodo estivo una settimana aperta a tutte le coppie e famiglie nell\u2019ambito della <strong>MISSIONE CANA<\/strong>, che ha l\u2019obiettivo di approfondire la vocazione del matrimonio per fondare un\u2019unione solida, duratura e feconda.<\/p>\n<p>La <strong>SETTIMANA CANA<\/strong> \u00e8 un tempo di condivisione, riflessione, relax, amicizia e preghiera, offerto ad ogni coppia che desidera la riscoperta dell\u2019unit\u00e0 e della gioia nella propria unione, sia con l\u2019aiuto del Signore che con il sostegno dei fratelli. Il percorso dura una settimana e mira a rafforzare la relazione attraverso insegnamenti, testimonianze, tempi personali e di coppia, preghiera comunitaria e liturgia. Le coppie possono venire con i figli, per i quali \u00e8 previsto un servizio di accoglienza ed animazione specifico, anche in relazione alla loro et\u00e0.<\/p>\n<p>PER SAPERNE DI PIU&#8217; visita il sito <a href=\"https:\/\/www.chemin-neuf.it\/it\/accoglienza\/nostre-proposte\/coppie-e-famiglie\" target=\"_blank\" rel=\"noopener\">https:\/\/www.chemin-neuf.it\/it\/accoglienza\/nostre-proposte\/coppie-e-famiglie\u00a0<\/a><\/p>\n<p style=\"text-align: center;\">\n","protected":false},"excerpt":{"rendered":"<p>La Comunit\u00e0 Chemin Neuf, \u00e8 una comunit\u00e0 cattolica a vocazione ecumenica, che vuol essere fedele alla preghiera che Ges\u00f9 fece prima di morire: \u201cche tutti siano una cosa sola perch\u00e9 [&hellip;]<\/p>\n","protected":false},"author":1,"featured_media":0,"parent":0,"menu_order":0,"comment_status":"closed","ping_status":"closed","template":"","meta":{"footnotes":""},"class_list":["post-931","page","type-page","status-publish","hentry"],"_links":{"self":[{"href":"https:\/\/pastoralefamiliare.chiesadipalermo.it\/wordpress6\/wp-json\/wp\/v2\/pages\/931","targetHints":{"allow":["GET"]}}],"collection":[{"href":"https:\/\/pastoralefamiliare.chiesadipalermo.it\/wordpress6\/wp-json\/wp\/v2\/pages"}],"about":[{"href":"https:\/\/pastoralefamiliare.chiesadipalermo.it\/wordpress6\/wp-json\/wp\/v2\/types\/page"}],"author":[{"embeddable":true,"href":"https:\/\/pastoralefamiliare.chiesadipalermo.it\/wordpress6\/wp-json\/wp\/v2\/users\/1"}],"replies":[{"embeddable":true,"href":"https:\/\/pastoralefamiliare.chiesadipalermo.it\/wordpress6\/wp-json\/wp\/v2\/comments?post=931"}],"version-history":[{"count":3,"href":"https:\/\/pastoralefamiliare.chiesadipalermo.it\/wordpress6\/wp-json\/wp\/v2\/pages\/931\/revisions"}],"predecessor-version":[{"id":2974,"href":"https:\/\/pastoralefamiliare.chiesadipalermo.it\/wordpress6\/wp-json\/wp\/v2\/pages\/931\/revisions\/2974"}],"wp:attachment":[{"href":"https:\/\/pastoralefamiliare.chiesadipalermo.it\/wordpress6\/wp-json\/wp\/v2\/media?parent=931"}],"curies":[{"name":"wp","href":"https:\/\/api.w.org\/{rel}","templated":true}]}}