

{"id":433,"date":"2019-03-05T19:25:27","date_gmt":"2019-03-05T18:25:27","guid":{"rendered":"http:\/\/www.pastoralefamiliare.arcidiocesi.palermo.it\/wordpress\/?page_id=433"},"modified":"2022-12-20T11:08:42","modified_gmt":"2022-12-20T10:08:42","slug":"coppie-in-comunione-2","status":"publish","type":"page","link":"https:\/\/pastoralefamiliare.chiesadipalermo.it\/wordpress6\/coppie-in-comunione-2\/","title":{"rendered":"COPPIE IN COMUNIONE"},"content":{"rendered":"<p><img fetchpriority=\"high\" decoding=\"async\" class=\"alignnone size-medium wp-image-434\" src=\"http:\/\/pastoralefamiliare.arcidiocesi.palermo.it\/wordpress6\/wp-content\/uploads\/2019\/03\/logo-3-300x183.jpg\" alt=\"\" width=\"300\" height=\"183\" \/><\/p>\n<p>Per conoscere il percorso, destinato alle famiglie, visita il sito:<\/p>\n<p><a href=\"https:\/\/coppieincomunione.wordpress.com\/\" target=\"_blank\" rel=\"noopener\">https:\/\/coppieincomunione.wordpress.com\/<\/a><\/p>\n<p>L\u2019 esperienza chiamata \u201cCoppie in Comunione\u201d \u00e8 nata\u00a0dall\u2019aver sperimentato come famiglie, una comunione viva e feconda, intorno ad una esperienza pi\u00f9 grande, chiamata Movimento Ecclesiale Carmelitano, che ci ha dato l\u2019opportunit\u00e0 di incontrarci settimanalmente per fare \u201cscuola di cristianesimo\u201d, cio\u00e8 imparare \u2013 proprio come in una scuola \u2013 a vivere il confronto, la condivisione e la bellezza delle verit\u00e0 che il cristianesimo propone.<\/p>\n<p>La frequenza di questa \u201cscuola\u201d ha suscitato in noi il desiderio di custodire, curare e valorizzare nella coppia il sacramento del matrimonio come \u201cvocazione\u201d.\u00a0Abbiamo sperimentato che la bellezza del vivere insieme, dell\u2019essere sposi, del camminare in Cristo \u2013 con i nostri figli insieme ad altre famiglie \u2013 va testimoniato non tanto con le parole, quanto con lo spirito della gioia contagiosa di chi non pu\u00f2 fare a meno di mettere in pratica le parole di Ges\u00f9: \u201c<em>Gratuitamente avete ricevuto, gratuitamente date<\/em>\u201d (Mt 10,8).<\/p>\n<p>\u00c8 stato per questo che abbiamo deciso di frequentare corsi di formazione e \u2013 a nostra volta \u2013 di attivare percorsi su comunicazione e ascolto, \u00a0corporeit\u00e0 e intimit\u00e0, educazione e relazione coi figli, l\u00ec dove il Signore ci ha chiamato, secondo le esigenze della Chiesa locale, proponendo le nostre tematiche attraverso diversi approcci teorici, laboratoriali ed esperienziali, con il solo desiderio di condividere quanto di bello, di profondo e di sacro c\u2019\u00e8 nella storia di ogni coppia, nella convinzione, per\u00f2, pi\u00f9 grande che oggi la famiglia necessita di camminare con altre famiglie, per crescere e riscoprire la bellezza insita nell\u2019essere sposi. Ecco l\u2019intimo motore di \u201cCoppie in Comunione\u201d!<\/p>\n<p>Sono passati pi\u00f9 di dieci anni da quando abbiamo iniziato la nostra \u201cmissione\u201d ed \u00e8 sorprendente quanto il Signore ci abbia donato: grazie alla collaborazione feconda e amicale con l\u2019Ufficio di Pastorale Familiare e con il Centro Diocesano Vocazioni di Palermo, la nostra esperienza infatti \u00e8 cresciuta: \u00e8 divenuta un percorso biennale che offriamo alla Diocesi nella speranza che coltivi nel cuore di chi vi partecipa il riflesso trinitario dell\u2019amore nuziale e nel territorio nuovi operatori di pastorale familiare.<\/p>\n<p>In questo procedere insieme, sottolineiamo l\u2019importanza della compagnia di bravi sacerdoti che non solo aiutino noi sposi, ma che possano anche fare respirare ai nostri figli la ricchezza e il fascino delle varie vocazioni. Attualmente l\u2019equipe di \u201cCoppie in Comunione\u201d vede coinvolti in questo servizio ecclesiale diversi operatori: Antonella e Giovanni Pillitteri, Raffaella e Alberto Patern\u00f2, Antonella e Giuseppe Lorusso, Simona Pizzurro.<\/p>\n<p>Ringraziamo il Signore che ci sostiene e affidiamo a Lui tutte le coppie che in questi anni abbiamo avuto la Grazia di incontrare e quelle che ci auguriamo di conoscere. Per loro rivolgiamo il nostro \u201cEccomi\u201d al Signore, affinch\u00e9 il profumo di Cristo possa espandersi anche grazie al nostro piccolo contributo.<\/p>\n","protected":false},"excerpt":{"rendered":"<p>Per conoscere il percorso, destinato alle famiglie, visita il sito: https:\/\/coppieincomunione.wordpress.com\/ L\u2019 esperienza chiamata \u201cCoppie in Comunione\u201d \u00e8 nata\u00a0dall\u2019aver sperimentato come famiglie, una comunione viva e feconda, intorno ad una [&hellip;]<\/p>\n","protected":false},"author":1,"featured_media":0,"parent":0,"menu_order":0,"comment_status":"closed","ping_status":"closed","template":"","meta":{"footnotes":""},"class_list":["post-433","page","type-page","status-publish","hentry"],"_links":{"self":[{"href":"https:\/\/pastoralefamiliare.chiesadipalermo.it\/wordpress6\/wp-json\/wp\/v2\/pages\/433","targetHints":{"allow":["GET"]}}],"collection":[{"href":"https:\/\/pastoralefamiliare.chiesadipalermo.it\/wordpress6\/wp-json\/wp\/v2\/pages"}],"about":[{"href":"https:\/\/pastoralefamiliare.chiesadipalermo.it\/wordpress6\/wp-json\/wp\/v2\/types\/page"}],"author":[{"embeddable":true,"href":"https:\/\/pastoralefamiliare.chiesadipalermo.it\/wordpress6\/wp-json\/wp\/v2\/users\/1"}],"replies":[{"embeddable":true,"href":"https:\/\/pastoralefamiliare.chiesadipalermo.it\/wordpress6\/wp-json\/wp\/v2\/comments?post=433"}],"version-history":[{"count":2,"href":"https:\/\/pastoralefamiliare.chiesadipalermo.it\/wordpress6\/wp-json\/wp\/v2\/pages\/433\/revisions"}],"predecessor-version":[{"id":2719,"href":"https:\/\/pastoralefamiliare.chiesadipalermo.it\/wordpress6\/wp-json\/wp\/v2\/pages\/433\/revisions\/2719"}],"wp:attachment":[{"href":"https:\/\/pastoralefamiliare.chiesadipalermo.it\/wordpress6\/wp-json\/wp\/v2\/media?parent=433"}],"curies":[{"name":"wp","href":"https:\/\/api.w.org\/{rel}","templated":true}]}}