

{"id":364,"date":"2019-03-04T14:48:31","date_gmt":"2019-03-04T13:48:31","guid":{"rendered":"http:\/\/www.pastoralefamiliare.arcidiocesi.palermo.it\/wordpress\/?page_id=364"},"modified":"2019-03-04T14:48:31","modified_gmt":"2019-03-04T13:48:31","slug":"oasi-cana","status":"publish","type":"page","link":"https:\/\/pastoralefamiliare.chiesadipalermo.it\/wordpress6\/oasi-cana\/","title":{"rendered":"OASI CANA"},"content":{"rendered":"<p>Per il sito web dell&#8217;associazione\u00a0<a href=\"http:\/\/www.oasicana.it\/\" target=\"_blank\" rel=\"noopener\">http:\/\/www.oasicana.it\/<\/a><\/p>\n<p><strong>Anno fondazione:\u00a0<\/strong>1985, a Palermo, per iniziativa di P. Antonio Santoro omi.<\/p>\n<p><strong>Tipo di aggregazione e riconoscimento ecclesiale<\/strong><\/p>\n<p>L\u2019Associazione, dopo\u00a0<em>molteplici riconoscimenti di fatto<\/em>\u00a0in pi\u00f9 diocesi ed organismi ecclesiali sia a livello di singole diocesi che a livello regionale e nazionale, ha ottenuto anche il\u00a0<em>formale riconoscimento ecclesiastico<\/em>\u00a0(can. 299 del CJC) con decreto dell\u2019Arcivescovo di Monreale (Palermo). Per il\u00a0<em>diritto civile<\/em>\u00a0la forma giuridica \u00e8 \u201corganizzazione non lucrativa di utilit\u00e0 sociale\u201d (onlus).<\/p>\n<p><strong>\u2192Breve storia<\/strong><\/p>\n<p>L\u2019Associazione OASI CANA Onlus nasce a Palermo, come \u201cGruppo Cana\u201d, l\u201911 novembre 1985 per iniziativa di P. Antonio Santoro omi. E\u2019 un\u2019Associazione di volontari, d\u2019ispirazione cristiana e apartitica, per l\u2019accoglienza e la formazione della persona, della coppia e della famiglia.<\/p>\n<p>I membri dell\u2019Associazione \u2013 fin dai primi passi dell\u2019allora \u201cGruppo Cana\u201d \u2013 in modo quasi inconsapevole hanno respirato e, in modo diverso, assimilato le caratteristiche fondamentali del Carisma di Sant\u2019Eugenio: l\u2019amore appassionato a Cristo e alla Chiesa (nella concretezza delle sue incarnazioni), l\u2019attenzione ai poveri dai molteplici volti, specie alle \u201cpovert\u00e0\u201d degli sposi e delle famiglie, lo slancio missionario soprattutto a partire dalla famiglia, l\u2019attenzione al sociale, il clima di famiglia, lo \u201cstile mariano\u201d nell\u2019apostolato e in altri servizi\u2026<\/p>\n<p>Nel tempo, questi aspetti sono stati considerati e vissuti soprattutto nella prospettiva della soggettivit\u00e0 della coppia e della famiglia e del servizio ad esse. Veniva cos\u00ec sempre pi\u00f9 maturando la consapevolezza di essere, in quanto\u00a0<em>sposi \u201cnel Signore\u201d<\/em>, soggetti, destinatari e missionari, di un particolare carisma,<em>\u00a0il carisma coniugale dell\u2019 \u201cunit\u00e0 dei due\u201d<\/em>: coppie per le coppie, famiglie per le famiglie \u2026<\/p>\n<p>Dagli incontri informali degli inizi si \u00e8 passati ad incontri formativi sempre pi\u00f9 organizzati come servizio sia alle esigenze dei membri del gruppo che di altre coppie.<\/p>\n<p>In ascolto dello Spirito e attenta al territorio e alle esigenze delle persone e delle Chiese locali, negli anni l\u2019Associazione \u2013 grazie all\u2019impegno di soci, iscritti e persone che condividono finalit\u00e0, obiettivi ed operato \u2013 per la realizzazione delle sue finalit\u00e0, ha ideato e gestisce alcune strutture stabili di servizio (vedi\u00a0<strong>sito\u00a0<a href=\"http:\/\/www.oasicana.it\/\" target=\"_blank\" rel=\"noopener\">www.oasicana.it<\/a><\/strong>), dando cos\u00ec concretezza, armonia e continuit\u00e0 a quanto il Signore della Vita e dell\u2019Amore ci faceva sperimentare:\u00a0<em>Unit\u00e0 coniugali<\/em>\u00a0(cio\u00e8, gruppi-famiglia)<em>,\u00a0<\/em>la casa dell\u2019<em>Oasi\u00a0<\/em><em>Cana di Gibilrossa; Verso Cana\u2026 (itinerario per fidanzati); Lettera di Famiglia (periodico dell\u2019Associazione); Centro Solidali con Te (centro di integrazione e riabilitazione per<\/em>soggetti portatori di handicap e sostegno alle loro famiglie<em>); Casa Nazaret; Oasi Famiglia S. Maria di Cana; Consultorio Familiare \u201cCana\u201d; Sedes Sapientiae (gestisce i programmi formativi ad intra e ad extra dell\u2019Associazione);\u00a0<\/em>il\u00a0<em>Centro OASI CANA per la Famiglia e la Vita;<\/em>\u00a0<em>la Chiesa Rettoria \u201cS. Famiglia di Nazaret\u201d<\/em><em>; \u00a0 una scuola per l\u2019infanzia\u00a0<\/em>(oggi chiusa perch\u00e9 ha esaurito il suo compito);\u00a0<em>il Fondo di Solidariet\u00e0 Alimentare (per sostenere famiglie bisognose con alimenti di prima necessit\u00e0), il Pe.Co.Fa.S.<\/em>\u00a0(Centro Studi e Ricerche su Persona, Coppia e Famiglia).<\/p>\n","protected":false},"excerpt":{"rendered":"<p>Per il sito web dell&#8217;associazione\u00a0http:\/\/www.oasicana.it\/ Anno fondazione:\u00a01985, a Palermo, per iniziativa di P. Antonio Santoro omi. Tipo di aggregazione e riconoscimento ecclesiale L\u2019Associazione, dopo\u00a0molteplici riconoscimenti di fatto\u00a0in pi\u00f9 diocesi ed [&hellip;]<\/p>\n","protected":false},"author":1,"featured_media":0,"parent":0,"menu_order":0,"comment_status":"closed","ping_status":"closed","template":"","meta":{"footnotes":""},"class_list":["post-364","page","type-page","status-publish","hentry"],"_links":{"self":[{"href":"https:\/\/pastoralefamiliare.chiesadipalermo.it\/wordpress6\/wp-json\/wp\/v2\/pages\/364","targetHints":{"allow":["GET"]}}],"collection":[{"href":"https:\/\/pastoralefamiliare.chiesadipalermo.it\/wordpress6\/wp-json\/wp\/v2\/pages"}],"about":[{"href":"https:\/\/pastoralefamiliare.chiesadipalermo.it\/wordpress6\/wp-json\/wp\/v2\/types\/page"}],"author":[{"embeddable":true,"href":"https:\/\/pastoralefamiliare.chiesadipalermo.it\/wordpress6\/wp-json\/wp\/v2\/users\/1"}],"replies":[{"embeddable":true,"href":"https:\/\/pastoralefamiliare.chiesadipalermo.it\/wordpress6\/wp-json\/wp\/v2\/comments?post=364"}],"version-history":[{"count":0,"href":"https:\/\/pastoralefamiliare.chiesadipalermo.it\/wordpress6\/wp-json\/wp\/v2\/pages\/364\/revisions"}],"wp:attachment":[{"href":"https:\/\/pastoralefamiliare.chiesadipalermo.it\/wordpress6\/wp-json\/wp\/v2\/media?parent=364"}],"curies":[{"name":"wp","href":"https:\/\/api.w.org\/{rel}","templated":true}]}}