

{"id":358,"date":"2019-03-04T14:47:15","date_gmt":"2019-03-04T13:47:15","guid":{"rendered":"http:\/\/www.pastoralefamiliare.arcidiocesi.palermo.it\/wordpress\/?page_id=358"},"modified":"2022-11-14T18:56:10","modified_gmt":"2022-11-14T17:56:10","slug":"famiglie","status":"publish","type":"page","link":"https:\/\/pastoralefamiliare.chiesadipalermo.it\/wordpress6\/famiglie\/","title":{"rendered":"FAMIGLIE"},"content":{"rendered":"<p>In Amoris Laetitia leggiamo che &#8220;Il nostro Dio, nel suo mistero pi\u00f9 intimo, non \u00e8 solitudine, bens\u00ec famiglia, dato che ha in s\u00e9 paternit\u00e0, filiazione e l\u2019essenza della famiglia che \u00e8 l\u2019amore&#8221;. (AL n\u00b0 11)<\/p>\n<p>Questa pagina \u00e8 dedicata alla divulgazione e alla conoscenza delle attuali esperienze diocesane, che si occupano di famiglia, ciascuna con la sua specificit\u00e0. Andiamo a distinguerle, tenendo presente che a ciascuna di esse \u00e8 dedicato in HOME uno spazio di approfondimento nella sezione <strong>Realt\u00e0 presenti in Diocesi<\/strong>.<\/p>\n<p>AMBITO FAMIGLIA E MATRIMONIO<\/p>\n<p>I seguenti percorsi accompagnano le coppie alla cura e alla custodia del sacramento matrimoniale, essi sono un luogo in cui marito e moglie ritagliano uno spazio per la loro relazione mediante un triplice approccio: formativo, laboratoriale e spirituale.<\/p>\n<ul>\n<li>La Bottega dell&#8217;orefice &#8211; CONTATTI: Don Salvatore Biancorrosso 3272489341 \/ Ornella Ingargiola 3922215311<\/li>\n<li>Coppie in Comunione &#8211; CONTATTI: Antonella e Giovanni Pillitteri &#8211; 3334241685 \/3334511325<\/li>\n<li>Sosta a Cana &#8211; CONTATTI: \u00a00916685437 \/ 3929053443<\/li>\n<li>Nozze in cammino &#8211; CONTATTI: MariaFrancesca e Luca Filippone &#8211; 3939248256<\/li>\n<\/ul>\n<p>AMBITO FAMIGLIE FERITE<\/p>\n<p>Le seguenti esperienze sono destinate a tutte quelle coppie che hanno attraversato un vissuto di fragilit\u00e0 e che adesso, a seconda del loro status di vita, necessitano di un particolare tipo di accompagnamento.<\/p>\n<ul>\n<li>&#8220;Il pozzo di Sicar&#8221; &#8211; Parrocchia Maria SS. della Lettera (rivolto ai divorziati risposati o conviventi) &#8211; CONTATTI:Don Nino Rocca3337429130<\/li>\n<li>&#8220;Il pozzo di Sicar&#8221; &#8211; Parrocchia Maria SS. dell&#8217;Addaura (rivolto ai divorziati risposati o conviventi) &#8211; CONTATTI:Don Fabrizio Fiorentino 3286050053<\/li>\n<li>&#8220;Il Buon Pastore&#8221; &#8211; Parrocchia Annunciazione del Signore (rivolto ai divorziati risposati o conviventi) &#8211; CONTATTI:Don Cesare Rattoballi 3895813242 &#8211; Francesco Trombetta 3387813465<\/li>\n<li>&#8220;Santa Maria di Cana&#8221; (rivolto ai separati\/divorziati <u>non risposati n\u00e9 conviventi<\/u>) &#8211; CONTATTI: MariaPia Campanella 3285330997 &#8211; Angela Chiancone 3667176037<\/li>\n<li>&#8220;Sposi per Sempre&#8221; (rivolto ai separati fedeli al sacramento) &#8211; CONTATTI: Rosa Foti 3477859169<\/li>\n<li>&#8220;Comunit\u00e0 Emmanuel&#8221; (rivolto sia ai divorziati che ai separati fedeli al sacramento) &#8211; CONTATTI: Ina Siviglia 3356306574<\/li>\n<\/ul>\n","protected":false},"excerpt":{"rendered":"<p>In Amoris Laetitia leggiamo che &#8220;Il nostro Dio, nel suo mistero pi\u00f9 intimo, non \u00e8 solitudine, bens\u00ec famiglia, dato che ha in s\u00e9 paternit\u00e0, filiazione e l\u2019essenza della famiglia che [&hellip;]<\/p>\n","protected":false},"author":1,"featured_media":0,"parent":0,"menu_order":0,"comment_status":"closed","ping_status":"closed","template":"","meta":{"footnotes":""},"class_list":["post-358","page","type-page","status-publish","hentry"],"_links":{"self":[{"href":"https:\/\/pastoralefamiliare.chiesadipalermo.it\/wordpress6\/wp-json\/wp\/v2\/pages\/358","targetHints":{"allow":["GET"]}}],"collection":[{"href":"https:\/\/pastoralefamiliare.chiesadipalermo.it\/wordpress6\/wp-json\/wp\/v2\/pages"}],"about":[{"href":"https:\/\/pastoralefamiliare.chiesadipalermo.it\/wordpress6\/wp-json\/wp\/v2\/types\/page"}],"author":[{"embeddable":true,"href":"https:\/\/pastoralefamiliare.chiesadipalermo.it\/wordpress6\/wp-json\/wp\/v2\/users\/1"}],"replies":[{"embeddable":true,"href":"https:\/\/pastoralefamiliare.chiesadipalermo.it\/wordpress6\/wp-json\/wp\/v2\/comments?post=358"}],"version-history":[{"count":1,"href":"https:\/\/pastoralefamiliare.chiesadipalermo.it\/wordpress6\/wp-json\/wp\/v2\/pages\/358\/revisions"}],"predecessor-version":[{"id":2698,"href":"https:\/\/pastoralefamiliare.chiesadipalermo.it\/wordpress6\/wp-json\/wp\/v2\/pages\/358\/revisions\/2698"}],"wp:attachment":[{"href":"https:\/\/pastoralefamiliare.chiesadipalermo.it\/wordpress6\/wp-json\/wp\/v2\/media?parent=358"}],"curies":[{"name":"wp","href":"https:\/\/api.w.org\/{rel}","templated":true}]}}