

{"id":354,"date":"2019-03-04T14:46:04","date_gmt":"2019-03-04T13:46:04","guid":{"rendered":"http:\/\/www.pastoralefamiliare.arcidiocesi.palermo.it\/wordpress\/?page_id=354"},"modified":"2024-09-22T20:15:33","modified_gmt":"2024-09-22T18:15:33","slug":"fidanzati","status":"publish","type":"page","link":"https:\/\/pastoralefamiliare.chiesadipalermo.it\/wordpress6\/fidanzati\/","title":{"rendered":"FIDANZATI"},"content":{"rendered":"<p><script src=\"http:\/\/www.pastoralefamiliare.arcidiocesi.palermo.it\/wordpress\/ihover-gh-pages\/dist\/scripts\/app.js\"><\/script><\/p>\n<p><!-- colored --><\/p>\n<div class=\"ih-item square colored effect10 top_to_bottom\">\n<h2 class=\"img\" style=\"text-align: center;\"><span style=\"color: revert; font-size: revert; font-weight: revert;\">Amoris Laetitia n\u00b0 207<\/span><\/h2>\n<div class=\"info\">\n<div class=\"info-back\">\n<p><em>&#8220;Coloro che si sposano sono per la comunit\u00e0 una preziosa risorsa perch\u00e9, impegnandosi a crescere\u00a0 nell\u2019amore e nel dono vicendevole, possono contribuire a rinnovare tutto il corpo ecclesiale&#8221;.<\/em><\/p>\n<\/div>\n<\/div>\n<\/div>\n<p><!-- end colored --><\/p>\n<p>Sottolineiamo in questo spazio due importanti esperienze di preparazione remota dedicate proprio ai fidanzati e alla loro formazione:<\/p>\n<ul>\n<li><a href=\"http:\/\/www.oasicana.it\/166-2\/\" target=\"_blank\" rel=\"noopener\"><strong>Verso Cana<\/strong><\/a> (CONTATTI: versocana@oasicana.it \/ 0916685437 \/ 3929053443)<\/li>\n<li><a href=\"http:\/\/www.pastoralefamiliare.arcidiocesi.palermo.it\/la-bottega-dellorefice\/\" target=\"_blank\" rel=\"noopener\"><strong>La bottega dell&#8217;orefice<\/strong><\/a> \u00a0(CONTATTI: Don Salvatore Biancorrosso 3272489341 \/ Ornella Ingargiola 3922215311)<\/li>\n<\/ul>\n<p>Per saperne di pi\u00f9 (ad esempio, tempi e modalit\u00e0) torna in Home e &#8211; nei blocchi dedicati alle<strong> Realt\u00e0 presenti in Diocesi<\/strong> &#8211; consulta le pagina corrispondenti.<\/p>\n<p>A seguire riportiamo l&#8217;elenco delle parrocchie (distinte per vicariati) dove chiedere informazioni riguardo ai corsi di preparazione al matrimonio.<\/p>\n<p><strong>N.B.<\/strong> \u00e8 possibile effettuare una ricerca sia per testo (nome della parrocchia), sia per data. Scorrete la barra orizzontale in basso, verso destra, per trovare il campo Search di ricerca.<\/p>\n<p><em><strong>Se entro una settimana le date non risultano pubblicate vi preghiamo di inviarci una mail.<\/strong><\/em><\/p>\n\n\n<hr class=\"wp-block-separator has-alpha-channel-opacity\"\/>\n\n\n\n<h1 class=\"wp-block-heading has-text-align-center\">Percorsi prematrimoniali<br>Diocesi di Palermo<\/h1>\n\n\n<div id=wpgsiFrontendShow><script type=\"text\/javascript\" src=\"https:\/\/pastoralefamiliare.chiesadipalermo.it\/wp-content\/plugins\/wpgsi\/admin\/js\/vue.js\"><\/script><div id=\"wpgsiFrontend3070\"  style=\"overflow-x:auto;\"><table class=\"widefat wpgsi-table\" id=\"wpgsi-table-3070\" style=\"width: 100%;\"><thead id=\"wpgsiTableHeaderOne\"><tr id=\"wpgsiTableHeaderSearchBar\"><td v-bind:colspan=\"googleSheetTitles.length\"><span><select id=\"showNumberOfRowsDropdown\" v-model=\"showNumberOfRows\"  ><option value=\"5\">  \t5  \t<\/option><option value=\"10\"> \t10 \t<\/option><option value=\"25\"> \t25 \t<\/option><option value=\"50\"> \t50 \t<\/option><option value=\"75\"> \t75 \t<\/option><option value=\"100\">\t100\t<\/option><\/select><\/span><span style=\"float:right;\">Search: <input type=\"text\" v-model=\"searchField\" id=\"searchFieldID\"><\/span><\/td><\/tr><\/thead><thead id=\"wpgsiTableHeaderTwo\"><tr id=\"wpgsiTableTitleTr\"><td v-for=\"(titleItem, columnIndex) in googleSheetTitles\"  @click=\"sortingTableRowsByColumn(columnIndex)\" style=\"cursor:ns-resize;\"> <strong>  {{titleItem}}  <\/strong> <\/td><\/tr><\/thead><tbody id=\"wpgsiTableBody\"><tr id=\"wpgsiTableTitleTr\"  v-for=\"(row, index) in googleSheetDataForTableRender\" ><td v-for=\"item in row\" v-html=\"item\">  {{item}}  <\/td><\/tr><\/tbody><tfoot id=\"wpgsiTableFooterTwo\"><tr id=\"wpgsiTableFooterNavigationBar\"><td v-bind:colspan=\"googleSheetTitles.length\"><span v-html=\"navText()\">  <\/span><span style=\"float:right;\"> <span id=\"movePrevious\" @click=\"movePrevious()\" style=\"cursor:pointer;\"> < Previous <\/span>&nbsp;  |  &nbsp;<span id=\"moveNext\" @click=\"moveNext()\" style=\"cursor:pointer;\"> Next > <\/span><\/span><\/td><\/tr><\/tfoot><tfoot id=\"wpgsiTableFooterOne\"><tr id=\"wpgsiTableFooterTr\" ><td v-for=\"(titleItem, columnIndex) in googleSheetTitles\"  @click=\"sortingTableRowsByColumn(columnIndex)\" style=\"cursor:ns-resize;\"> <strong>  {{titleItem}}  <\/strong> <\/td><\/tr><\/tfoot><\/table><\/div><link rel=\"stylesheet\" type=\"text\/css\" rel=\"noopener\" target=\"_blank\" href=\"https:\/\/pastoralefamiliare.chiesadipalermo.it\/wp-content\/plugins\/wpgsi\/admin\/css\/wpgsi-show-frontend.css\"><script type=\"text\/javascript\" wpgsiDisplayid=\"3070\"  wpgsiShownumberofrows = \"10\" wpgsiTabledata = \"W1siUGFycm9jY2hpYSIsIlNpdG8gV2ViIiwiVmljYXJpYXRvIiwiUmVmZXJlbnRpIiwiUGFycm9jbyIsIkRhdGEgaW5pemlvIiwiRGF0YSBmaW5lIiwiSW5mb3JtYXppb25pIl0sWyJTLiBHSU9WQU5OSSBNQVJJQSBWSUFOTkVZIiwiJmx0O2EgaHJlZj0mcXVvdDtodHRwOlwvXC93d3cuY2hpZXNhZGlwYWxlcm1vLml0XC9zaXRlXC93ZC1hbm51YXJpby1lbnRpXC90ZXJyaXRvcmlvLTE1NDc0Njc1ODRcL3ByaW1vLXZpY2FyaWF0by0xMjQwXC9zLWdpb3Zhbm5pLW1hcmlhLXZpYW5uZXktMjcyXC8mcXVvdDsmZ3Q7Uy4gR0lPVkFOTkkgTUFSSUEgVklBTk5FWSZsdDtcL2EmZ3Q7IiwiUHJpbW8iLCJDYXRhcmluaWNjaGlhIEdpdXNlcHBlIFJlc2NpZ25vIEFudG9uaW5hIiwiRG9uIFJhaW1vbmRvIEFiYmFuZG9uaSIsIjI3XC8wOVwvMjAyNCIsIjIwXC8xMlwvMjAyNCJdLFsiUy4gTUFSSUEgTUFEREFMRU5BIiwiJmx0O2EgaHJlZj0mcXVvdDtodHRwOlwvXC93d3cuY2hpZXNhZGlwYWxlcm1vLml0XC9zaXRlXC93ZC1hbm51YXJpby1lbnRpXC90ZXJyaXRvcmlvLTE1NDc0Njc1ODRcL3Nlc3RvLXZpY2FyaWF0by0xMjQ1XC9zLW1hcmlhLW1hZGRhbGVuYS0zNzVcLyZxdW90OyZndDtTLiBNQVJJQSBNQUREQUxFTkEmbHQ7XC9hJmd0OyIsIlNlc3RvIiwiQ29uaXVnaSBOdWNjaWEgZSBTYWx2YXRvcmUgTGV0byBlIGNvbml1Z2kgQW50b25lbGxhIGUgVml0byBDYW1wYW5lbGxhICIsIkRvbiBNYXJpbyBDYXNzYXRhIiwiMDFcLzEwXC8yMDI0IiwiMTNcLzEyXC8yMDI0IiwiR2xpIGluY29udHJpIHNhcmFubm8gYWxsZSBvcmUgMjEsMDAgLCBkdWUgdm9sdGUgYSBzZXR0aW1hbmEgIl0sWyJNQURPTk5BIERFTExBIFBST1ZWSURFTlpBIiwiJmx0O2EgaHJlZj0mcXVvdDtodHRwOlwvXC93d3cuY2hpZXNhZGlwYWxlcm1vLml0XC9zaXRlXC93ZC1hbm51YXJpby1lbnRpXC90ZXJyaXRvcmlvLTE1NDc0Njc1ODRcL3F1YXJ0by12aWNhcmlhdG8tMTI0M1wvbWFkb25uYS1kZWxsYS1wcm92dmlkZW56YS0zMTNcLyZxdW90OyZndDtNQURPTk5BIERFTExBIFBST1ZWSURFTlpBJmx0O1wvYSZndDsiLCJRdWFydG8iLCJHaXVzaSBlIEdpYWNvbW8gRm9udGFuYSIsIkRvbiBBbGVzc2FuZHJvIERpZ2FuZ2kiLCIwNlwvMTBcLzIwMjUiLCIwNVwvMTJcLzIwMjUiXSxbIlMuIEJBU0lMSU8iLCImbHQ7YSBocmVmPSZxdW90O2h0dHA6XC9cL3d3dy5jaGllc2FkaXBhbGVybW8uaXRcL3NpdGVcL3dkLWFubnVhcmlvLWVudGlcL3RlcnJpdG9yaW8tMTU0NzQ2NzU4NFwvcHJpbW8tdmljYXJpYXRvLTEyNDBcL3MtYmFzaWxpby0zNDZcLyZxdW90OyZndDtTLiBCQVNJTElPJmx0O1wvYSZndDsiLCJQcmltbyIsIlBBU1FVQUxFIENISUFOQ09ORSIsIlBBRFJFIExVQ0lBTk8gRlJJQ0FOTyIsIjE0XC8xMFwvMjAyNCIsIjIwXC8xMlwvMjAyNCJdLFsiUy4gR0lPVkFOTkkgTUFSSUEgVklBTk5FWSIsIiZsdDthIGhyZWY9JnF1b3Q7aHR0cDpcL1wvd3d3LmNoaWVzYWRpcGFsZXJtby5pdFwvc2l0ZVwvd2QtYW5udWFyaW8tZW50aVwvdGVycml0b3Jpby0xNTQ3NDY3NTg0XC9wcmltby12aWNhcmlhdG8tMTI0MFwvcy1naW92YW5uaS1tYXJpYS12aWFubmV5LTI3MlwvJnF1b3Q7Jmd0O1MuIEdJT1ZBTk5JIE1BUklBIFZJQU5ORVkmbHQ7XC9hJmd0OyIsIlByaW1vIiwiQ2F0YXJpbmljY2hpYSBHaXVzZXBwZSBSZXNjaWdubyBBbnRvbmluYSIsIkRvbiBSYWltb25kbyBBYmJhbmRvbmkiLCIyN1wvMDlcLzIwMjQiLCIyMFwvMTJcLzIwMjQiLCJmb3JzZSBjYW1iaWVyZW1vIHBhcnJvY2NoaWEiXSxbIlMuIEFOVE9OSU5PIERJIFBBRE9WQSIsIiZsdDthIGhyZWY9JnF1b3Q7aHR0cDpcL1wvd3d3LmNoaWVzYWRpcGFsZXJtby5pdFwvc2l0ZVwvd2QtYW5udWFyaW8tZW50aVwvdGVycml0b3Jpby0xNTQ3NDY3NTg0XC9zZWNvbmRvLXZpY2FyaWF0by0xMjQxXC9zLWFudG9uaW8tZGktcGFkb3ZhLTI0MVwvJnF1b3Q7Jmd0O1MuIEFOVE9OSU5PIERJIFBBRE9WQSZsdDtcL2EmZ3Q7IiwiU2Vjb25kbyIsIkdpdXNlcHBlIE1hbmdhbm8gZSBNYXJpYSBSb3NhcmlhIFF1YWdsaWFuYSIsImZyYSBHYWV0YW5vIE1vcnJlYWxlIiwiMTJcLzAxXC8yMDI1IiwiMDlcLzAzXC8wMDA1IiwiSWwgcGVyY29yc28gaW5pemllciZhZ3JhdmU7IERvbWVuaWNhIDEyIGdlbm5haW8gYWxsYSBNZXNzYSBkZWxsZSAxMC4wMCBlIHNpIGNvbmNsdWRlciZhZ3JhdmU7IERvbWVuaWNhIDkgTWFyem8gc2VtcHJlIGFsbGEgTWVzc2EgZGVsbGUgMTAuMDAuIEdsaSBpbmNvbnRyaSBpbml6aWVyYW5ubyB2ZW5lcmQmaWdyYXZlOyAxNyBnZW5uYWlvIG9yZSAyMS4wMCBlIHNhcmFubm8gb2duaSB2ZW5lcmQmaWdyYXZlOyBuZWwgU2Fsb25lIFBhcnJvY2NoaWFsZSAoQ29yc28gVHVrb3J5IDJcL0MpLiBJbmZvOiBGcmEgR2l1c2VwcGUgQmVubmljaSBmcmFwaW51Y2Npb0B2aXJnaWxpby5pdCJdLFsiTUFSSUEgU1MgREVMIENBUk1FTE8iLCImbHQ7YSBocmVmPSZxdW90O2h0dHA6XC9cL3d3dy5jaGllc2FkaXBhbGVybW8uaXRcL3NpdGVcL3dkLWFubnVhcmlvLWVudGlcL3RlcnJpdG9yaW8tMTU0NzQ2NzU4NFwvcXVpbnRvLXZpY2FyaWF0by0xMjQ0XC9tYXJpYS1zcy1kZWwtY2FybWVsby0zNTZcLyZxdW90OyZndDtNQVJJQSBTUyBERUwgQ0FSTUVMTyBhIEJhZ2hlcmlhJmx0O1wvYSZndDsiLCJTZWNvbmRvIiwiTWVsaXRhIEFtb3JlbGxvIiwiRG9uIEFuZ2VsbyBEaSBQYXNxdWFsZSIsIjE5XC8xMVwvMjAyNCIsIjIzXC8wMlwvMjAyNSIsIkluY29udHJvIGRpIGZvcm1hemlvbmUgYWwgc2FjcmFtZW50byBkZWwgbWF0cmltb25pbyBpbCBtYXJ0ZWQmaWdyYXZlOyBhbGxlIG9yZSAyMSJdLFsiUy4gTUFSSUEgTUFEREFMRU5BIiwiJmx0O2EgaHJlZj0mcXVvdDtodHRwOlwvXC93d3cuY2hpZXNhZGlwYWxlcm1vLml0XC9zaXRlXC93ZC1hbm51YXJpby1lbnRpXC90ZXJyaXRvcmlvLTE1NDc0Njc1ODRcL3Nlc3RvLXZpY2FyaWF0by0xMjQ1XC9zLW1hcmlhLW1hZGRhbGVuYS0zNzVcLyZxdW90OyZndDtTLiBNQVJJQSBNQUREQUxFTkEmbHQ7XC9hJmd0OyIsIlNlc3RvIiwiQ29uaXVnaSBOdWNjaWEgZSBTYWx2YXRvcmUgTGV0byBlIGNvbml1Z2kgQW50b25lbGxhIGUgVml0byBDYW1wYW5lbGxhICIsIkRvbiBNYXJpbyBDYXNzYXRhIiwiMDFcLzEwXC8yMDI0IiwiMTNcLzEyXC8yMDI0IiwiR2xpIGluY29udHJpIHNhcmFubm8gYWxsZSBvcmUgMjEsMDAgLCBkdWUgdm9sdGUgYSBzZXR0aW1hbmEgIl0sWyJTQUNSQSBGQU1JR0xJQSIsIiZsdDthIGhyZWY9JnF1b3Q7aHR0cDpcL1wvd3d3LmNoaWVzYWRpcGFsZXJtby5pdFwvc2l0ZVwvd2QtYW5udWFyaW8tZW50aVwvdGVycml0b3Jpby0xNTQ3NDY3NTg0XC9zZWNvbmRvLXZpY2FyaWF0by0xMjQxXC9zYWNyYS1mYW1pZ2xpYS0yNjFcLyZxdW90OyZndDtTQUNSQSBGQU1JR0xJQSZsdDtcL2EmZ3Q7IiwiU2Vjb25kbyIsIkdpb3Zhbm5hIGUgRnJhbmNvIFR1YmlvbG8gXC8gRXN0ZXIgZSBHYWJyaWVsZSBWYWxlbnRpIiwiRG9uIFNhbHZhdG9yZSBBbGZyZWRvIEJpYW5jb3Jyb3NzbyIsIjEzXC8wMVwvMjAyNSIsIjE3XC8wM1wvMjAyNSIsIkNvcnNvIG9yZ2FuaXp6YXRvIHBlciBsZSBvcmUgMjAsMzAgZGVsIEx1bmVkJmlncmF2ZTsgZGkgb2duaSBzZXR0aW1hbmEgZSBjb21pbmNpYSBzdWJpdG8gZG9wbyBpbCBCYXR0ZXNpbW8gZGkgR2VzJnVncmF2ZTsiXSxbIlMuIEJBU0lMSU8iLCImbHQ7YSBocmVmPSZxdW90O2h0dHA6XC9cL3d3dy5jaGllc2FkaXBhbGVybW8uaXRcL3NpdGVcL3dkLWFubnVhcmlvLWVudGlcL3RlcnJpdG9yaW8tMTU0NzQ2NzU4NFwvcHJpbW8tdmljYXJpYXRvLTEyNDBcL3MtYmFzaWxpby0zNDZcLyZxdW90OyZndDtTLiBCQVNJTElPJmx0O1wvYSZndDsiLCJQcmltbyIsIlBBU1FVQUxFIENISUFOQ09ORSIsIlBBRFJFIExVQ0lBTk8gRlJJQ0FOTyIsIjE0XC8xMFwvMjAyNCIsIjIwXC8xMlwvMjAyNCJdLFsiTUFSSUEgU1MgREVMIFJPU0FSSU8iLCImbHQ7YSBocmVmPSZxdW90O2h0dHA6XC9cL3d3dy5jaGllc2FkaXBhbGVybW8uaXRcL3NpdGVcL3dkLWFubnVhcmlvLWVudGlcL3RlcnJpdG9yaW8tMTU0NzQ2NzU4NFwvdGVyem8tdmljYXJpYXRvLTEyNDJcL21hcmlhLXNzLWRlbC1yb3NhcmlvLTMxMVwvJnF1b3Q7Jmd0O01BUklBIFNTIERFTCBST1NBUklPJmx0O1wvYSZndDsiLCJUZXJ6byIsIk1hcmlhIFJvc2EgRGkgQ2FybG8gZSBHaXVzZXBwZSBNYXRlcmEiLCJEb24gTmljb2wmb2dyYXZlOyBNaWNoZWxlIEJvcmRvbmFybyIsIjA1XC8xMVwvMjAyNCIsIjI4XC8wMVwvMjAyNSIsIklsIGNvcnNvICZlZ3JhdmU7IGNvc3RpdHVpdG8gZGEgMTIgaW5jb250cmkgdHV0dGkgaSBtYXJ0ZWQmaWdyYXZlOyBkYWxsZSBvcmUgMjEsMDAgYWxsZSAyMiwzMCAiXSxbIlNTLiBDT1NNQSBFIERBTUlBTk8iLCImbHQ7YSBocmVmPSZxdW90O2h0dHA6XC9cL3d3dy5jaGllc2FkaXBhbGVybW8uaXRcL3NpdGVcL3dkLWFubnVhcmlvLWVudGlcL3RlcnJpdG9yaW8tMTU0NzQ2NzU4NFwvcXVhcnRvLXZpY2FyaWF0by0xMjQzXC9zcy1jb3NtYS1lLWRhbWlhbm8tMjQ2XC8mcXVvdDsmZ3Q7U1MuIENPU01BIEUgREFNSUFOTyZsdDtcL2EmZ3Q7IiwiUXVhcnRvIiwiVG9ueSBsYSBEaWVnYSBlIFBhb2xhIEJvYXR0YSIsIkRvbiBGcmFuY2VzY28gRGkgUGFzcXVhbGUgIiwiMTNcLzExXC8yMDI0IiwiMjZcLzAyXC8yMDI1IiwiT3JlIDIxICJdLFsiUy4gTFVDSUEgVi4gRSBNLiIsIiZsdDthIGhyZWY9JnF1b3Q7aHR0cDpcL1wvd3d3LmNoaWVzYWRpcGFsZXJtby5pdFwvc2l0ZVwvd2QtYW5udWFyaW8tZW50aVwvdGVycml0b3Jpby0xNTQ3NDY3NTg0XC90ZXJ6by12aWNhcmlhdG8tMTI0Mlwvcy1sdWNpYS12LWUtbS0yODJcLyZxdW90OyZndDtTLiBMVUNJQSBWLiBFIE0uJmx0O1wvYSZndDsiLCJUZXJ6byIsIkZyYW5jbyBOdWNhdG9sYSBlIEFubmEgRmVycmVyYVwvIExlb25hcmRvIExvbWJhcmRvIGUgRnJhbmNlc2NhIE1hbmN1c29cLyBEYW5pZWxhIERpIEJlbmVkZXR0byBlIEdhc3BhcmUgUXVhcnRhcmFyb1wvIFNlcmVuYSBDYXJ1c28gZSBNYXJjZWxsbyBDb3N0YW56YSIsIlBhZHJlIEFudG9uaW8gR3VnbGllbG1pICIsIjE4XC8wMVwvMjAyNiIsIjE1XC8wM1wvMjAyNiIsIkdsaSBpbmNvbnRyaSBzYXJhbm5vIGRpIGRvbWVuaWNhIGRhbGxlIDE3LjMwIGFsbGUgMTkuMzAuIERvbWVuaWNhIDE1IG1hcnpvIHNpIGNvbmNsdWRlIGNvbiB1bmEgZ2lvcm5hdGEgZGkgcml0aXJvIl0sWyJTLiBDSElBUkEgREkgQVNTSVNJIiwiJmx0O2EgaHJlZj0mcXVvdDtodHRwOlwvXC93d3cuY2hpZXNhZGlwYWxlcm1vLml0XC9zaXRlXC93ZC1hbm51YXJpby1lbnRpXC90ZXJyaXRvcmlvLTE1NDc0Njc1ODRcL3RlcnpvLXZpY2FyaWF0by0xMjQyXC9zLWNoaWFyYS1kaS1hc3Npc2ktMjQ1XC8mcXVvdDsmZ3Q7Uy4gQ0hJQVJBIERJIEFTU0lTSSZsdDtcL2EmZ3Q7IiwiVGVyem8iLCJDb25pdWdpIE1pcmlhbSBlIEdhYnJpZWxlIFR1bHVtZWxsbyIsIkRvbiBHLkN1c2VuemEgLSBEb24gRy5Ub3JuYW1iJmVncmF2ZTsgLSBEb24gRS5DYW5uYXRhIiwiMDlcLzExXC8yMDI1IiwiMDhcLzAzXC8yMDI1IiwiaW5jb250cmkgc2V0dGltYW5hbGkgaWwgdmVuZXJkJmlncmF2ZTsgb3JlIDIxLiBJbml6aW8gZG9tZW5pY2EgMDkgbm92ZW1icmUgb3JlIDE2OjMwIHNhbG9uZSBwYXJyb2NjaGlhbGUgZGkgUy5UZXJlc2EgKGEgc2VndWlyZSBkYWwgMTQgbm92ZW1icmUgYWwgMDggbWFyem8gMjAyNSBvcmUgMjEpLlBlciBpbmZvcm1hemlvbmkgZWQgaXNjcml6aW9uaSAzMzM3NTk2NDU4IC0gLjM5MDE4MDY3OTcuIENoaXVzdXJhIGlzY3JpemlvbmkgMTRcLzExXC8yMDI1Il0sWyJTLiBDSElBUkEgREkgQVNTSVNJIiwiJmx0O2EgaHJlZj0mcXVvdDtodHRwOlwvXC93d3cuY2hpZXNhZGlwYWxlcm1vLml0XC9zaXRlXC93ZC1hbm51YXJpby1lbnRpXC90ZXJyaXRvcmlvLTE1NDc0Njc1ODRcL3RlcnpvLXZpY2FyaWF0by0xMjQyXC9zLWNoaWFyYS1kaS1hc3Npc2ktMjQ1XC8mcXVvdDsmZ3Q7Uy4gQ0hJQVJBIERJIEFTU0lTSSZsdDtcL2EmZ3Q7IiwiVGVyem8iLCJDb25pdWdpIE1pcmlhbSBlIEdhYnJpZWxlIFR1bHVtZWxsbyIsIkRvbiBHLkN1c2VuemEgLSBEb24gRy5Ub3JuYW1iJmVncmF2ZTsgLSBEb24gRS5DYW5uYXRhIiwiMTBcLzExXC8yMDI0IiwiMDlcLzAzXC8yMDI1IiwiSW5jb250cmkgc2V0dGltYW5hbGkgaWwgdmVuZXJkJmlncmF2ZTsgb3JlIDIxLiBJbml6aW8gZG9tZW5pY2EgMTAgbm92ZW1icmUgb3JlIDE3IHNhbG9uZSBwYXJyb2NjaGlhbGUgZGkgUy5UZXJlc2EgKGEgc2VndWlyZSBkYWwgMTUgbm92ZW1icmUgYWwgMjggZmViYnJhaW8gMjAyNSBvcmUgMjEpLlBlciBpbmZvcm1hemlvbmkgZWQgaXNjcml6aW9uaSAzMzM3NTk2NDU4LiBDaGl1c3VyYSBpc2NyaXppb25pIDE1XC8xMVwvMjAyNCJdLFsiTUFET05OQSBERUxMQSBQUk9WVklERU5aQSIsIiZsdDthIGhyZWY9JnF1b3Q7aHR0cDpcL1wvd3d3LmNoaWVzYWRpcGFsZXJtby5pdFwvc2l0ZVwvd2QtYW5udWFyaW8tZW50aVwvdGVycml0b3Jpby0xNTQ3NDY3NTg0XC9xdWFydG8tdmljYXJpYXRvLTEyNDNcL21hZG9ubmEtZGVsbGEtcHJvdnZpZGVuemEtMzEzXC8mcXVvdDsmZ3Q7TUFET05OQSBERUxMQSBQUk9WVklERU5aQSZsdDtcL2EmZ3Q7IiwiUXVhcnRvIiwiR2l1c2kgZSBHaWFjb21vIEZvbnRhbmEiLCJEb24gQWxlc3NhbmRybyBEaWdhbmdpIiwiMDZcLzEwXC8yMDI1IiwiMDVcLzEyXC8yMDI1Il0sWyJTLiBFU1BFRElUTyIsIiZsdDthIGhyZWY9JnF1b3Q7aHR0cDpcL1wvd3d3LmNoaWVzYWRpcGFsZXJtby5pdFwvc2l0ZVwvd2QtYW5udWFyaW8tZW50aVwvdGVycml0b3Jpby0xNTQ3NDY3NTg0XC90ZXJ6by12aWNhcmlhdG8tMTI0Mlwvcy1lc3BlZGl0by0yNTVcLyZxdW90OyZndDtTLiBFU1BFRElUTyZsdDtcL2EmZ3Q7IiwiVGVyem8iLCJBbGZpbyBCcmlndWdsaWEgZSBNYXJjZWxsYSBDb3NlbnRpbm8iLCJkb24gUGllcm8gTWFncm8iLCIwOFwvMDFcLzIwMjUiLCIyMFwvMDJcLzIwMjUiLCJEdWUgaW5jb250cmkgc2V0dGltYW5hbGkgcGVyIHVuIHRvdGFsZSBkaSAxNCBpbmNvbnRyaSJdLFsiTkFUSVZJVEEmcnNxdW87IERFTExBIEJFQVRBIFZFUkdJTkUgTUFSSUEiLCImbHQ7YSBocmVmPSZxdW90O2h0dHA6XC9cL3d3dy5jaGllc2FkaXBhbGVybW8uaXRcL3NpdGVcL3dkLWFubnVhcmlvLWVudGlcL3RlcnJpdG9yaW8tMTU0NzQ2NzU4NFwvcXVpbnRvLXZpY2FyaWF0by0xMjQ0XC9uYXRpdml0YS1kZWxsYS1iZWF0YS12ZXJnaW5lLW1hcmlhLTM1OFwvJnF1b3Q7Jmd0O05BVElWSVRBJnJzcXVvOyBERUxMQSBCRUFUQSBWRVJHSU5FIE1BUklBJmx0O1wvYSZndDsiLCJRdWludG8iLCJNYXVybyBlIFJvc2FyaWEgUGFyaXNpOyBNYXVyaXppbyBlIERhbmllbGEgVG9tYXNlbGxvIGUmaGVsbGlwOyIsIkRvbiBBTEVSSU8gTW9udGFsYmFubyAiLCIyOFwvMTBcLzIwMjUiLCIwM1wvMDJcLzIwMjYiLCJNYXJ0ZWQmaWdyYXZlOyBvcmUgMjE6MDAiXSxbIlMuIE1BUkdIRVJJVEEgVi4gTS4iLCImbHQ7YSBocmVmPSZxdW90O2h0dHA6XC9cL3d3dy5jaGllc2FkaXBhbGVybW8uaXRcL3NpdGVcL3dkLWFubnVhcmlvLWVudGlcL3RlcnJpdG9yaW8tMTU0NzQ2NzU4NFwvcXVhcnRvLXZpY2FyaWF0by0xMjQzXC9zLW1hcmdoZXJpdGEtdi1tLTI4N1wvJnF1b3Q7Jmd0O1MuIE1BUkdIRVJJVEEgVi4gTS4mbHQ7XC9hJmd0OyIsIlF1YXJ0byIsIkJhcnRvbG9tZW8gQmVydHVjY2lvICIsIkRvbiBNYXNzaW1vIENhcmF2ZWxsbyIsIjE1XC8xMFwvMjAyNSIsIjE3XC8xMlwvMjAyNSIsIkluY29udHJpIHByZXNzbyBsb2NhbGkgcGFycm9jY2hpYWxpIGFsbGUgMjE6MDAgY2FkZW56YSBzZXR0aW1hbmFsZS4gUGVyIGlzY3JpemlvbmkgY29udGF0dGFyZSBsJiMwMzk7dWZmaWNpbyBwYXJyb2NjaGlhbGUgIDA5MSA1NDcyODgiXSxbIlMuIEZJTElQUE8gTkVSSSIsIiZsdDthIGhyZWY9JnF1b3Q7aHR0cDpcL1wvd3d3LmNoaWVzYWRpcGFsZXJtby5pdFwvc2l0ZVwvd2QtYW5udWFyaW8tZW50aVwvdGVycml0b3Jpby0xNTQ3NDY3NTg0XC9xdWFydG8tdmljYXJpYXRvLTEyNDNcL3MtZmlsaXBwby1uZXJpLTI1N1wvJnF1b3Q7Jmd0O1MuIEZJTElQUE8gTkVSSSZsdDtcL2EmZ3Q7IiwiUXVhcnRvIiwiR2lvdmFubmkgR2lhbm5hbGlhIiwiR2lvdmFubmkgR2lhbm5hbGlhIiwiMTZcLzExXC8yMDI1IiwiMDVcLzA0XC8yMDI2Il0sWyJTLiBBVEFOQVNJTyIsIiZsdDthIGhyZWY9JnF1b3Q7aHR0cDpcL1wvd3d3LmNoaWVzYWRpcGFsZXJtby5pdFwvc2l0ZVwvd2QtYW5udWFyaW8tZW50aVwvdGVycml0b3Jpby0xNTQ3NDY3NTg0XC9xdWludG8tdmljYXJpYXRvLTEyNDRcL3MtYXRhbmFzaW8tMzc2XC8mcXVvdDsmZ3Q7Uy4gQVRBTkFTSU8mbHQ7XC9hJmd0OyIsIlF1aW50byIsIkdpb3Zhbm5pIGUgVGVyZXNhIFRlbXByYSIsIkRvbiBTYWx2YXRvcmUgRGUgUGFzcXVhbGUgIiwiMTRcLzEwXC8yMDI1IiwiMjFcLzEyXC8yMDI1IiwiTWFydGVkJmlncmF2ZTsgZSBnaW92ZWQmaWdyYXZlOyBhbGxlIDIxIl0sWyJNQVJJQSBTUy4gREVMTEEgTEVUVEVSQSIsIiZsdDthIGhyZWY9JnF1b3Q7aHR0cDpcL1wvd3d3LmNoaWVzYWRpcGFsZXJtby5pdFwvc2l0ZVwvd2QtYW5udWFyaW8tZW50aVwvdGVycml0b3Jpby0xNTQ3NDY3NTg0XC9xdWFydG8tdmljYXJpYXRvLTEyNDNcL21hcmlhLXNzLWRlbGxhLWxldHRlcmEtMzAzXC8mcXVvdDsmZ3Q7TUFSSUEgU1MuIERFTExBIExFVFRFUkEmbHQ7XC9hJmd0OyIsIlF1YXJ0byIsIkFubmEgTWFyaWEgZSBHaW92YW5uaSBSYXBwYSIsIkRvbiBBbnRvbmlubyBSb2NjYSIsIjI5XC8wOVwvMjAyNSIsIjMxXC8xMFwvMjAyNSIsIk9yZSAyMS4wMCBvZ25pIGx1biAtIG1hci0gZ2lvIC12ZW4iXSxbIlMuIEJBU0lMSU8iLCImbHQ7YSBocmVmPSZxdW90O2h0dHA6XC9cL3d3dy5jaGllc2FkaXBhbGVybW8uaXRcL3NpdGVcL3dkLWFubnVhcmlvLWVudGlcL3RlcnJpdG9yaW8tMTU0NzQ2NzU4NFwvcHJpbW8tdmljYXJpYXRvLTEyNDBcL3MtYmFzaWxpby0zNDZcLyZxdW90OyZndDtTLiBCQVNJTElPJmx0O1wvYSZndDsiLCJQcmltbyIsIlBhc3F1YWxlIENoaWFuY29uZSBlIEFuZ2VsYSBkaSBNb250ZSIsIkFsZXNzYW5kcm8gSW1idXJnaWEiLCIxM1wvMTBcLzIwMjUiLCIxOVwvMTJcLzIwMjUiLCJJbmNvbnRyaSBzZXJhbGkgaWwgbHVuZWQmaWdyYXZlOyBlIHZlbmVyZCZpZ3JhdmU7IGFsbGUgMjEiXSxbIlMuIFRFUkVTQSBERUwgQkFNQklOIEdFU1UmcnNxdW87IiwiJmx0O2EgaHJlZj0mcXVvdDtodHRwOlwvXC93d3cuY2hpZXNhZGlwYWxlcm1vLml0XC9zaXRlXC93ZC1hbm51YXJpby1lbnRpXC90ZXJyaXRvcmlvLTE1NDc0Njc1ODRcL3RlcnpvLXZpY2FyaWF0by0xMjQyXC9zLXRlcmVzYS1kZWwtYmFtYmluLWdlc3UtMzQwXC8mcXVvdDsmZ3Q7Uy4gVEVSRVNBIERFTCBCQU1CSU4gR0VTVSZyc3F1bzsmbHQ7XC9hJmd0OyIsIlRlcnpvIiwiQ29uaXVnaSBUdWx1bWVsbG8iLCJEb24gVG9ybmFiJmVncmF2ZTssIERvbiBDdXNlbnphLCBEb25DYW5uYXRhIiwiMDlcLzExXC8yMDI1IiwiMDhcLzAzXC8yMDI2IiwiSW5jb250cmkgc2V0dGltYW5hbGkgaWwgdmVuZXJkJmlncmF2ZTsgb3JlIDIxLiBJbml6aW8gZG9tZW5pY2EgOSBub3ZlbWJyZSBvcmUgMTYsMzAgc2Fsb25lIHBhcnJvY2NoaWFsZSBkaSBTLlRlcmVzYSAoYSBzZWd1aXJlIGRhbCAxNCBub3ZlbWJyZSBhbCA4IG1hcnpvIDIwMjYgb3JlIDIxKS5QZXIgaW5mb3JtYXppb25pIGVkIGlzY3JpemlvbmkgMzMzNzU5NjQ1OCwgMzkwMTgwNjc5NyBDaGl1c3VyYSBpc2NyaXppb25pIDE0XC8xMVwvMjAyNSJdLFsiU1MuIFNBTFZBVE9SRSIsIiZsdDthIGhyZWY9JnF1b3Q7aHR0cDpcL1wvd3d3LmNoaWVzYWRpcGFsZXJtby5pdFwvc2l0ZVwvd2QtYW5udWFyaW8tZW50aVwvdGVycml0b3Jpby0xNTQ3NDY3NTg0XC9wcmltby12aWNhcmlhdG8tMTI0MFwvc3Mtc2FsdmF0b3JlLTMzM1wvJnF1b3Q7Jmd0O1NTLiBTQUxWQVRPUkUmbHQ7XC9hJmd0OyIsIlByaW1vIiwiRW1hbnVlbGUgZSBDaGlhcmEgVmF0dGlhdG8iLCJkb24gU2FsdmF0b3JlIFNjaGllcmEiLCIzMFwvMDlcLzIwMjUiLCIyOFwvMTJcLzIwMjUiXSxbIlNTLiBTQUxWQVRPUkUiLCImbHQ7YSBocmVmPSZxdW90O2h0dHA6XC9cL3d3dy5jaGllc2FkaXBhbGVybW8uaXRcL3NpdGVcL3dkLWFubnVhcmlvLWVudGlcL3RlcnJpdG9yaW8tMTU0NzQ2NzU4NFwvcHJpbW8tdmljYXJpYXRvLTEyNDBcL3NzLXNhbHZhdG9yZS0zMzNcLyZxdW90OyZndDtTUy4gU0FMVkFUT1JFJmx0O1wvYSZndDsiLCJRdWludG8iLCJGcmFuY2VzY28gZSBTdGVsbGEgU2FuZmlsaXBwbyIsImRvbiBHYWV0YW5vIE1hcnNpZ2xpYSIsIjIzXC8xMFwvMjAyNSIsIjMwXC8wMVwvMjAyNiIsIlBlcmNvcnNvIHByZW1hdHJpbW9uaWFsZSBJbnRlciBwYXJyb2NjaGlhbGUgKENoaWVzYSBTYW4gTmljb2xhIGRpIEJhcmksIFMuIEFudG9uaW8gZGkgUGFkb3ZhIGUgU1MuIFNhbHZhdG9yZSBUZXJtaW5pIEltZXJlc2UpIl0sWyJNQVJJQSBTUy4gREVMTEUgR1JBWklFIGluIFZpYSBDb250ZSBGZWRlcmljbyIsIiZsdDthIGhyZWY9JnF1b3Q7aHR0cDpcL1wvd3d3LmNoaWVzYWRpcGFsZXJtby5pdFwvc2l0ZVwvd2QtYW5udWFyaW8tZW50aVwvdGVycml0b3Jpby0xNTQ3NDY3NTg0XC9wcmltby12aWNhcmlhdG8tMTI0MFwvbWFyaWEtc3MtZGVsbGUtZ3JhemllLTI5OFwvJnF1b3Q7Jmd0O01BUklBIFNTLiBERUxMRSBHUkFaSUUgaW4gVmlhIENvbnRlIEZlZGVyaWNvJmx0O1wvYSZndDsiLCJQcmltbyIsIkNhcm1lbGEgVmlsbGFmcmF0ZSIsIkRvbiBWaW5jZW56byBCYXR0YWdsaWEgIiwiMDZcLzExXC8yMDI1IiwiMTVcLzAxXC8yMDI2Il0sWyJTUy4gQ09TTUEgRSBEQU1JQU5PIiwiJmx0O2EgaHJlZj0mcXVvdDtodHRwOlwvXC93d3cuY2hpZXNhZGlwYWxlcm1vLml0XC9zaXRlXC93ZC1hbm51YXJpby1lbnRpXC90ZXJyaXRvcmlvLTE1NDc0Njc1ODRcL3F1YXJ0by12aWNhcmlhdG8tMTI0M1wvc3MtY29zbWEtZS1kYW1pYW5vLTI0NlwvJnF1b3Q7Jmd0O1NTLiBDT1NNQSBFIERBTUlBTk8mbHQ7XC9hJmd0OyIsIlF1YXJ0byIsIkFudG9uaW5vIExhIERpZWdhICIsIkZyYW5jZXNjbyBEaSBQYXNxdWFsZSAiLCIxMlwvMTFcLzIwMjUiLCIyNVwvMDJcLzIwMjYiLCJJbCBwZXJjb3JzbyBzaSBzdm9sZ2VyJmFncmF2ZTsgb2duaSBtZXJjb2xlZCZpZ3JhdmU7IGFsbGUgb3JlIDIxIl0sWyJTLiBHSVJPTEFNTyIsIiZsdDthIGhyZWY9JnF1b3Q7aHR0cDpcL1wvd3d3LmNoaWVzYWRpcGFsZXJtby5pdFwvc2l0ZVwvd2QtYW5udWFyaW8tZW50aVwvdGVycml0b3Jpby0xNTQ3NDY3NTg0XC9xdWFydG8tdmljYXJpYXRvLTEyNDNcL3MtZ2lyb2xhbW8tMjczXC8mcXVvdDsmZ3Q7Uy4gR0lST0xBTU8mbHQ7XC9hJmd0OyIsIlF1YXJ0byIsIkJlcHBlIEFuemFsb25lIC0gTHVpc2EgVHJvaWEiLCJEb24gU2FsdmF0b3JlIENvcnNhcm8iLCIxOVwvMDFcLzIwMjYiLCIxOVwvMDRcLzIwMjYiXSxbIk1BUklBIFNTLiBNRURJQVRSSUNFIiwiJmx0O2EgaHJlZj0mcXVvdDtodHRwOlwvXC93d3cuY2hpZXNhZGlwYWxlcm1vLml0XC9zaXRlXC93ZC1hbm51YXJpby1lbnRpXC90ZXJyaXRvcmlvLTE1NDc0Njc1ODRcL3ByaW1vLXZpY2FyaWF0by0xMjQwXC9tYXJpYS1zcy1tZWRpYXRyaWNlLTMwNlwvJnF1b3Q7Jmd0O01BUklBIFNTLiBNRURJQVRSSUNFJmx0O1wvYSZndDsiLCJQcmltbyIsIk9sZ2EgQ2FzdGVsbGkgIiwiRG9uIEdpdXNlcHBlIFN1bnNlcmkgIiwiMDZcLzExXC8yMDI1IiwiMTVcLzAyXC8yMDI2Il0sWyJTLiBDQVRFUklOQSBEQSBTSUVOQSIsIiZsdDthIGhyZWY9JnF1b3Q7aHR0cDpcL1wvd3d3LmNoaWVzYWRpcGFsZXJtby5pdFwvc2l0ZVwvd2QtYW5udWFyaW8tZW50aVwvdGVycml0b3Jpby0xNTQ3NDY3NTg0XC9wcmltby12aWNhcmlhdG8tMTI0MFwvcy1jYXRlcmluYS1kYS1zaWVuYS0yNDRcLyZxdW90OyZndDtTLiBDQVRFUklOQSBEQSBTSUVOQSZsdDtcL2EmZ3Q7IiwiUHJpbW8iLCJNYXRyYW5nYSBNYXJpYSBMdWNpYSBlIENhc2FsZXMgR2lvdmFubmkiLCJEb24gTmljYXNpbyBMbyBCdWUiLCIxMFwvMTFcLzIwMjUiLCIwOVwvMDJcLzIwMjYiXSxbIk1BUklBIFNTLiBDT05TT0xBVFJJQ0UgREVHTEkgQUZGTElUVEkiLCImbHQ7YSBocmVmPSZxdW90O2h0dHA6XC9cL3d3dy5jaGllc2FkaXBhbGVybW8uaXRcL3NpdGVcL3dkLWFubnVhcmlvLWVudGlcL3RlcnJpdG9yaW8tMTU0NzQ2NzU4NFwvcXVhcnRvLXZpY2FyaWF0by0xMjQzXC9tYXJpYS1zcy1jb25zb2xhdHJpY2UtZGVnbGktYWZmbGl0dGktMjk2XC8mcXVvdDsmZ3Q7TUFSSUEgU1MuIENPTlNPTEFUUklDRSBERUdMSSBBRkZMSVRUSSZsdDtcL2EmZ3Q7IiwiUXVhcnRvIiwiTW9udGFnbmlubyBGYWJpbyBlIExvIFNpY2NvIEthdGlhLiBQcm92aXRvIExlYW5kcm8gZSBTb3J0aW5vIFZhbGVyaWEiLCJEb24gR2l1c2VwcGUgTGkgQ2Fsc2kiLCIyOFwvMTBcLzIwMjUiLCIyNFwvMDJcLzIwMjYiXSxbIk1BUklBIFNTLiBERUwgUk9TQVJJTyIsIiZsdDthIGhyZWY9JnF1b3Q7aHR0cDpcL1wvd3d3LmNoaWVzYWRpcGFsZXJtby5pdFwvc2l0ZVwvd2QtYW5udWFyaW8tZW50aVwvdGVycml0b3Jpby0xNTQ3NDY3NTg0XC9wcmltby12aWNhcmlhdG8tMTI0MFwvbWFyaWEtc3MtZGVsLXJvc2FyaW8tMzEwXC8mcXVvdDsmZ3Q7TUFSSUEgU1MuIERFTCBST1NBUklPJmx0O1wvYSZndDsiLCJUZXJ6byIsIk1hcmlhIFJvc2EgZSBHaXVzZXBwZSBNYXRlcmEgIiwiRG9uIE5pY29sYSBCb3Jkb25hcm8iLCIwMVwvMTJcLzIwMjUiLCIxNlwvMDNcLzIwMjYiLCJHbGkgaW5jb250cmkgc2kgdGVycmFubm8gdHV0dGkgaSBsdW5lZCZpZ3JhdmU7IGRhbGxlIG9yZSAyMSwwMCBhbGxlIG9yZSAyMiwzMCAoZXNjbHVzbyBpbCBwZXJpb2RvIG5hdGFsaXppbykuIl0sWyJTLiBQRVRST05JTExBIFYuIE0uIiwiJmx0O2EgaHJlZj0mcXVvdDtodHRwOlwvXC93d3cuY2hpZXNhZGlwYWxlcm1vLml0XC9zaXRlXC93ZC1hbm51YXJpby1lbnRpXC90ZXJyaXRvcmlvLTE1NDc0Njc1ODRcL3F1aW50by12aWNhcmlhdG8tMTI0NFwvcy1wZXRyb25pbGxhLXYtbS00MDNcLyZxdW90OyZndDtTLiBQRVRST05JTExBIFYuIE0uJmx0O1wvYSZndDsiLCJRdWludG8iLCJjb25pdWdpIFR1cnR1cmljaSBHaW9yZ2lvIGUgQ2F0ZXJpbmEiLCJkb24gTWFyY28gTHVwbyIsIjE1XC8xMFwvMjAyNSIsIjE4XC8wNFwvMjAyNiIsIlF1YXNpIHR1dHRpIGdsaSBpbmNvbnRyaSBzaSB0ZXJyYW5ubyBkaSBtZXJjb2xlZCZpZ3JhdmU7IGFsbGUgMjE6MDAgcHJlc3NvIGlsIHNhbG9uZSBwYXJyb2NjaGlhbGUgc2l0byBpbiB2aWEgRGllZ28gVHVydHVyaWNpIGEgY2lyY2EgMzAgbWV0cmkgZGFsbCZyc3F1bzt1ZmZpY2lvIHBvc3RhbGUiXSxbIk1BUklBIFNTIERFTCBDQVJNRUxPIiwiJmx0O2EgaHJlZj0mcXVvdDtodHRwOlwvXC93d3cuY2hpZXNhZGlwYWxlcm1vLml0XC9zaXRlXC93ZC1hbm51YXJpby1lbnRpXC90ZXJyaXRvcmlvLTE1NDc0Njc1ODRcL3F1aW50by12aWNhcmlhdG8tMTI0NFwvbWFyaWEtc3MtZGVsLWNhcm1lbG8tMzU2XC8mcXVvdDsmZ3Q7TUFSSUEgU1MgREVMIENBUk1FTE8gYSBCYWdoZXJpYSZsdDtcL2EmZ3Q7IiwiUHJpbW8iLCJSaW5lbGxhIEdyZWdvcmlvIGUgQ29ycmFkaSBBbnRvbmVsbGEgIiwiRG9uIElnbmF6aW8gVmF6emFuYSIsIjEyXC8xMFwvMjAyNSIsIjE0XC8wMlwvMjAyNiIsIkluY29udHJpIHNldHRpbWFuYWxpIHNlcmFsaSBvZ25pIGx1bmVkJmlncmF2ZTsgIl0sWyJTLiBNQVJJQSBERUxMQSBQQUNFIiwiJmx0O2EgaHJlZj0mcXVvdDtodHRwOlwvXC93d3cuY2hpZXNhZGlwYWxlcm1vLml0XC9zaXRlXC93ZC1hbm51YXJpby1lbnRpXC90ZXJyaXRvcmlvLTE1NDc0Njc1ODRcL3NlY29uZG8tdmljYXJpYXRvLTEyNDFcL3MtbWFyaWEtZGVsbGEtcGFjZS0zMThcLyZxdW90OyZndDtTLiBNQVJJQSBERUxMQSBQQUNFJmx0O1wvYSZndDsiLCJTZWNvbmRvIiwiTWlsZW5hIExpYnV0dGkgIiwiRnJhJiMwMzk7IFNhbHZhdG9yZSBaYWdvbmUiLCIwM1wvMTFcLzIwMjUiLCIxMlwvMDRcLzIwMjYiLCJJbCBwZXJjb3JzbyAmZWdyYXZlOyBpbnRlcnBhcnJvY2NoaWFsZS4gSSB0cmUgcGFycm9jaSBkaSBTYW50YSBNYXJpYSBkZWxsYSBQYWNlLCBTYW4gR2lhY29tbyBkZWkgbWlsaXRhcmkgZSBDdW9yZSBFdWNhcmlzdGljbyBoYW5ubyBzY2VsdG8gZGkgY29uZGl2aWRlcmUgaWwgcGVyY29yc28gZGkgcHJlcGFyYXppb25lIGFsIG1hdHJpbW9uaW8gZSBsYSBjdXJhIGRlaSBudWJlbmRpLiBMZSBlcXVpcGUgcGFycm9jY2hpYWxpIG5lIGhhbm5vIGNvc3RpdHVpdG8gdW5hIGludGVycGFycm9jY2hpYWxlIGUgc2VndW9ubyBpbnNpZW1lIGxhIGZvcm1hemlvbmUgZSBsYSBwcmVwYXJhemlvbmUgZGVsbGUgY29wcGllLiJdXQ==\"  src=\"https:\/\/pastoralefamiliare.chiesadipalermo.it\/wp-content\/plugins\/wpgsi\/admin\/js\/wpgsi-show-frontend.js\"><\/script><\/div>\n","protected":false},"excerpt":{"rendered":"<p>Amoris Laetitia n\u00b0 207 &#8220;Coloro che si sposano sono per la comunit\u00e0 una preziosa risorsa perch\u00e9, impegnandosi a crescere\u00a0 nell\u2019amore e nel dono vicendevole, possono contribuire a rinnovare tutto il [&hellip;]<\/p>\n","protected":false},"author":1,"featured_media":0,"parent":0,"menu_order":0,"comment_status":"closed","ping_status":"closed","template":"","meta":{"footnotes":""},"class_list":["post-354","page","type-page","status-publish","hentry"],"_links":{"self":[{"href":"https:\/\/pastoralefamiliare.chiesadipalermo.it\/wordpress6\/wp-json\/wp\/v2\/pages\/354","targetHints":{"allow":["GET"]}}],"collection":[{"href":"https:\/\/pastoralefamiliare.chiesadipalermo.it\/wordpress6\/wp-json\/wp\/v2\/pages"}],"about":[{"href":"https:\/\/pastoralefamiliare.chiesadipalermo.it\/wordpress6\/wp-json\/wp\/v2\/types\/page"}],"author":[{"embeddable":true,"href":"https:\/\/pastoralefamiliare.chiesadipalermo.it\/wordpress6\/wp-json\/wp\/v2\/users\/1"}],"replies":[{"embeddable":true,"href":"https:\/\/pastoralefamiliare.chiesadipalermo.it\/wordpress6\/wp-json\/wp\/v2\/comments?post=354"}],"version-history":[{"count":9,"href":"https:\/\/pastoralefamiliare.chiesadipalermo.it\/wordpress6\/wp-json\/wp\/v2\/pages\/354\/revisions"}],"predecessor-version":[{"id":3716,"href":"https:\/\/pastoralefamiliare.chiesadipalermo.it\/wordpress6\/wp-json\/wp\/v2\/pages\/354\/revisions\/3716"}],"wp:attachment":[{"href":"https:\/\/pastoralefamiliare.chiesadipalermo.it\/wordpress6\/wp-json\/wp\/v2\/media?parent=354"}],"curies":[{"name":"wp","href":"https:\/\/api.w.org\/{rel}","templated":true}]}}